{"id":809,"date":"2026-04-08T17:49:27","date_gmt":"2026-04-08T15:49:27","guid":{"rendered":"https:\/\/sylphagro.fr\/?page_id=809"},"modified":"2026-04-08T17:49:27","modified_gmt":"2026-04-08T15:49:27","slug":"dji-mavic-3t","status":"publish","type":"page","link":"https:\/\/sylphagro.fr\/index.php\/drones\/dji-mavic-3t\/","title":{"rendered":"DJI Mavic 3T"},"content":{"rendered":"\n<p class=\"has-background has-medium-font-size\" style=\"background:linear-gradient(222deg,rgb(74,234,220) 0%,rgb(207,42,186) 27%,rgb(238,44,130) 45%,rgb(251,105,98) 75%,rgb(254,248,76) 85%)\"><strong>DJI Mavic 3 Thermal\u00a0<\/strong><br>L&rsquo;image thermique infrarouge accessible<\/p>\n\n\n\n<div class=\"wp-block-group is-layout-constrained wp-block-group-is-layout-constrained\">\n<div class=\"wp-block-group is-layout-constrained wp-block-group-is-layout-constrained\">\n<p class=\"has-background\" style=\"background-color:#fcc600\"><strong>Cam\u00e9ra thermique<\/strong><br>Capteur de 640 x 512 pixels, distance focale \u00e9quivalente 40 mm<br>Sensibilit\u00e9 de 8 \u00e0 14 microm\u00e8tres<br><br>En r\u00e9v\u00e9lant les variations de la temp\u00e9rature \u00e0 la surface des feuilles, l&rsquo;imagerie thermique permet la <strong>d\u00e9tection pr\u00e9coce et la mesure<\/strong> : <br>&#8211; des <strong>stress hydriques<\/strong> <br>&#8211; des <strong>stress biotiques<\/strong> (maladies et ravageurs)<\/p>\n\n\n\n<p class=\"has-pale-cyan-blue-background-color has-background\"><strong>Cam\u00e9ra grand angle<\/strong><br>Capteur de <strong>48 Mpixels,<\/strong> distance focale \u00e9quivalente 24 mm<br><br><strong>T\u00e9l\u00e9cam\u00e9ra<\/strong><br>Capteur de 12 Mpixels, distance focale \u00e9quivalente 162 mm<\/p>\n\n\n\n<p class=\"has-pale-cyan-blue-background-color has-background\">Le syst\u00e8me <strong>RTK<\/strong> int\u00e9gr\u00e9 permet, par une correction des donn\u00e9es GPS, un positionnement de pr\u00e9cision centim\u00e9trique des images<\/p>\n\n\n\n<p class=\"has-light-green-cyan-background-color has-background\">Le vol est <strong>s\u00e9curis\u00e9<\/strong> par un syst\u00e8me de d\u00e9tection infrarouge et des syst\u00e8mes optiques omnidirectionnels. De plus le syst\u00e8me AirSense int\u00e9gr\u00e9 pr\u00e9vient de la pr\u00e9sence des appareils environnants dans l&rsquo;espace a\u00e9rien.<\/p>\n<\/div>\n<\/div>\n","protected":false},"excerpt":{"rendered":"<p>DJI Mavic 3 Thermal\u00a0L&rsquo;image thermique infrarouge accessible Cam\u00e9ra thermiqueCapteur de 640 x 512 pixels, distance focale \u00e9quivalente 40 mmSensibilit\u00e9 de [&hellip;]<\/p>\n","protected":false},"author":1,"featured_media":0,"parent":780,"menu_order":0,"comment_status":"closed","ping_status":"closed","template":"","meta":{"_monsterinsights_skip_tracking":false,"_monsterinsights_sitenote_active":false,"_monsterinsights_sitenote_note":"","_monsterinsights_sitenote_category":0,"site-sidebar-layout":"default","site-content-layout":"","ast-site-content-layout":"default","site-content-style":"default","site-sidebar-style":"default","ast-global-header-display":"","ast-banner-title-visibility":"","ast-main-header-display":"","ast-hfb-above-header-display":"","ast-hfb-below-header-display":"","ast-hfb-mobile-header-display":"","site-post-title":"","ast-breadcrumbs-content":"","ast-featured-img":"","footer-sml-layout":"","ast-disable-related-posts":"","theme-transparent-header-meta":"","adv-header-id-meta":"","stick-header-meta":"","header-above-stick-meta":"","header-main-stick-meta":"","header-below-stick-meta":"","astra-migrate-meta-layouts":"default","ast-page-background-enabled":"default","ast-page-background-meta":{"desktop":{"background-color":"var(--ast-global-color-4)","background-image":"","background-repeat":"repeat","background-position":"center center","background-size":"auto","background-attachment":"scroll","background-type":"","background-media":"","overlay-type":"","overlay-color":"","overlay-opacity":"","overlay-gradient":""},"tablet":{"background-color":"","background-image":"","background-repeat":"repeat","background-position":"center center","background-size":"auto","background-attachment":"scroll","background-type":"","background-media":"","overlay-type":"","overlay-color":"","overlay-opacity":"","overlay-gradient":""},"mobile":{"background-color":"","background-image":"","background-repeat":"repeat","background-position":"center center","background-size":"auto","background-attachment":"scroll","background-type":"","background-media":"","overlay-type":"","overlay-color":"","overlay-opacity":"","overlay-gradient":""}},"ast-content-background-meta":{"desktop":{"background-color":"var(--ast-global-color-5)","background-image":"","background-repeat":"repeat","background-position":"center center","background-size":"auto","background-attachment":"scroll","background-type":"","background-media":"","overlay-type":"","overlay-color":"","overlay-opacity":"","overlay-gradient":""},"tablet":{"background-color":"var(--ast-global-color-5)","background-image":"","background-repeat":"repeat","background-position":"center center","background-size":"auto","background-attachment":"scroll","background-type":"","background-media":"","overlay-type":"","overlay-color":"","overlay-opacity":"","overlay-gradient":""},"mobile":{"background-color":"var(--ast-global-color-5)","background-image":"","background-repeat":"repeat","background-position":"center center","background-size":"auto","background-attachment":"scroll","background-type":"","background-media":"","overlay-type":"","overlay-color":"","overlay-opacity":"","overlay-gradient":""}},"footnotes":""},"class_list":["post-809","page","type-page","status-publish","hentry"],"_links":{"self":[{"href":"https:\/\/sylphagro.fr\/index.php\/wp-json\/wp\/v2\/pages\/809","targetHints":{"allow":["GET"]}}],"collection":[{"href":"https:\/\/sylphagro.fr\/index.php\/wp-json\/wp\/v2\/pages"}],"about":[{"href":"https:\/\/sylphagro.fr\/index.php\/wp-json\/wp\/v2\/types\/page"}],"author":[{"embeddable":true,"href":"https:\/\/sylphagro.fr\/index.php\/wp-json\/wp\/v2\/users\/1"}],"replies":[{"embeddable":true,"href":"https:\/\/sylphagro.fr\/index.php\/wp-json\/wp\/v2\/comments?post=809"}],"version-history":[{"count":9,"href":"https:\/\/sylphagro.fr\/index.php\/wp-json\/wp\/v2\/pages\/809\/revisions"}],"predecessor-version":[{"id":821,"href":"https:\/\/sylphagro.fr\/index.php\/wp-json\/wp\/v2\/pages\/809\/revisions\/821"}],"up":[{"embeddable":true,"href":"https:\/\/sylphagro.fr\/index.php\/wp-json\/wp\/v2\/pages\/780"}],"wp:attachment":[{"href":"https:\/\/sylphagro.fr\/index.php\/wp-json\/wp\/v2\/media?parent=809"}],"curies":[{"name":"wp","href":"https:\/\/api.w.org\/{rel}","templated":true}]}}