{"id":77,"date":"2024-03-08T15:01:47","date_gmt":"2024-03-08T14:01:47","guid":{"rendered":"http:\/\/sylphai.cluster029.hosting.ovh.net\/?page_id=77"},"modified":"2025-11-17T09:41:06","modified_gmt":"2025-11-17T08:41:06","slug":"prestations","status":"publish","type":"page","link":"https:\/\/sylphagro.fr\/index.php\/prestations\/","title":{"rendered":"Prestations"},"content":{"rendered":"\n<p class=\"has-light-green-cyan-background-color has-background\">Vous mettez en place des <strong>exp\u00e9rimentations <\/strong>au champ de vari\u00e9t\u00e9s, de produits phytosanitaires ou de biocontr\u00f4le.<br>Vous voulez recueillir rapidement des <strong>donn\u00e9es fiables<\/strong> \u00e0 partir de vos essais.<br><strong>SYLPHAGRO <\/strong>vous propose une r\u00e9ponse simple \u00e0 ces questions par des <strong>\u00e9tudes sur mesure adapt\u00e9es \u00e0 vos objectifs<\/strong>, b\u00e9n\u00e9ficiant de notre savoir faire dans le domaine de l&rsquo;exp\u00e9rimentation au champ.<\/p>\n\n\n\n<p class=\"has-ast-global-color-4-background-color has-background\">Nous assurons la <strong>prise d&rsquo;images par drone<\/strong> multirotors sur vos essais, en rayonnements visible et en multispectral<br>Nous garantissons la fourniture d&rsquo;images de qualit\u00e9 par le respect de nombreux param\u00e8tres:<br>&#8211; Respect de la r\u00e9glementation fran\u00e7aise et europ\u00e9enne, et des proc\u00e9dures de notification des autorit\u00e9s<br>&#8211; Formation \u00e0 jour des t\u00e9l\u00e9pilotes<br>&#8211; Drone et mat\u00e9riel de prise de vue adapt\u00e9s, avec positionnement centim\u00e9trique des images par RTK embarqu\u00e9 et points de contr\u00f4le au sol <br>&#8211; Pr\u00e9paration et param\u00e9trage des vols, en fonction des caract\u00e8res mesur\u00e9s<br>&#8211; Vols aux stades ad\u00e9quats de la culture<\/p>\n\n\n\n<p class=\"has-pale-cyan-blue-background-color has-background\">Selon vos besoins, nous pouvons t\u00e9l\u00e9charger des images brutes sur le site de votre choix, ou proc\u00e9der au <strong>traitement<\/strong> de ces images.<br><br>La plateforme logicielle de l&rsquo;entreprise <strong><a href=\"https:\/\/solvi.ag\/\" target=\"_blank\" rel=\"noreferrer noopener\">SOLVI.AG<\/a><\/strong> permet de vous d\u00e9livrer rapidement des donn\u00e9es fiables <br>&#8211; Cr\u00e9ation de <strong>l&rsquo;orthomosa\u00efque<\/strong><br>&#8211; Vectorisation et identification des <strong>micro-parcelles<\/strong> selon votre syst\u00e8me d&rsquo;identification<br>&#8211; Comptages et surface de plantes assist\u00e9e par <strong>Intelligence Artificielle<\/strong><br>&#8211; Couverture foliaire, hauteurs de plantes<br>&#8211; Indices de v\u00e9g\u00e9tation (NDVI, NDRE, OSAVI, VARI&#8230;) par micro-parcelle ou par zones<br><br><strong>D\u00e9lais<\/strong> (sauf notification pr\u00e9alable)<br>&#8211; <strong>Orthomosa\u00efque <\/strong>: <strong>24 h<\/strong> apr\u00e8s le vol<br>&#8211; <strong>Donn\u00e9es <\/strong>: <strong>48 h<\/strong> apr\u00e8s le vol<br><br><strong>Livrables<\/strong><br>&#8211; Rendu des donn\u00e9es par fichier .xlsx ou .csv<br>&#8211; Rapport d\u00e9crivant l&rsquo;ensemble des param\u00e8tres de prise de vue, et un support \u00e0 l&rsquo;interpr\u00e9tation des donn\u00e9es<\/p>\n\n\n\n<figure class=\"wp-block-video\"><video height=\"720\" style=\"aspect-ratio: 960 \/ 720;\" width=\"960\" autoplay controls loop muted src=\"https:\/\/sylphagro.fr\/wp-content\/uploads\/2025\/09\/SiteWeb_prestations_15s.mp4\" playsinline><\/video><\/figure>\n\n\n\n<p><\/p>\n","protected":false},"excerpt":{"rendered":"<p>Vous mettez en place des exp\u00e9rimentations au champ de vari\u00e9t\u00e9s, de produits phytosanitaires ou de biocontr\u00f4le.Vous voulez recueillir rapidement des [&hellip;]<\/p>\n","protected":false},"author":1,"featured_media":0,"parent":0,"menu_order":0,"comment_status":"closed","ping_status":"closed","template":"","meta":{"_monsterinsights_skip_tracking":false,"_monsterinsights_sitenote_active":false,"_monsterinsights_sitenote_note":"","_monsterinsights_sitenote_category":0,"site-sidebar-layout":"default","site-content-layout":"","ast-site-content-layout":"default","site-content-style":"default","site-sidebar-style":"default","ast-global-header-display":"","ast-banner-title-visibility":"","ast-main-header-display":"","ast-hfb-above-header-display":"","ast-hfb-below-header-display":"","ast-hfb-mobile-header-display":"","site-post-title":"","ast-breadcrumbs-content":"","ast-featured-img":"","footer-sml-layout":"","ast-disable-related-posts":"","theme-transparent-header-meta":"","adv-header-id-meta":"","stick-header-meta":"","header-above-stick-meta":"","header-main-stick-meta":"","header-below-stick-meta":"","astra-migrate-meta-layouts":"default","ast-page-background-enabled":"default","ast-page-background-meta":{"desktop":{"background-color":"var(--ast-global-color-4)","background-image":"","background-repeat":"repeat","background-position":"center center","background-size":"auto","background-attachment":"scroll","background-type":"","background-media":"","overlay-type":"","overlay-color":"","overlay-opacity":"","overlay-gradient":""},"tablet":{"background-color":"","background-image":"","background-repeat":"repeat","background-position":"center center","background-size":"auto","background-attachment":"scroll","background-type":"","background-media":"","overlay-type":"","overlay-color":"","overlay-opacity":"","overlay-gradient":""},"mobile":{"background-color":"","background-image":"","background-repeat":"repeat","background-position":"center center","background-size":"auto","background-attachment":"scroll","background-type":"","background-media":"","overlay-type":"","overlay-color":"","overlay-opacity":"","overlay-gradient":""}},"ast-content-background-meta":{"desktop":{"background-color":"var(--ast-global-color-5)","background-image":"","background-repeat":"repeat","background-position":"center center","background-size":"auto","background-attachment":"scroll","background-type":"","background-media":"","overlay-type":"","overlay-color":"","overlay-opacity":"","overlay-gradient":""},"tablet":{"background-color":"var(--ast-global-color-5)","background-image":"","background-repeat":"repeat","background-position":"center center","background-size":"auto","background-attachment":"scroll","background-type":"","background-media":"","overlay-type":"","overlay-color":"","overlay-opacity":"","overlay-gradient":""},"mobile":{"background-color":"var(--ast-global-color-5)","background-image":"","background-repeat":"repeat","background-position":"center center","background-size":"auto","background-attachment":"scroll","background-type":"","background-media":"","overlay-type":"","overlay-color":"","overlay-opacity":"","overlay-gradient":""}},"footnotes":""},"class_list":["post-77","page","type-page","status-publish","hentry"],"_links":{"self":[{"href":"https:\/\/sylphagro.fr\/index.php\/wp-json\/wp\/v2\/pages\/77","targetHints":{"allow":["GET"]}}],"collection":[{"href":"https:\/\/sylphagro.fr\/index.php\/wp-json\/wp\/v2\/pages"}],"about":[{"href":"https:\/\/sylphagro.fr\/index.php\/wp-json\/wp\/v2\/types\/page"}],"author":[{"embeddable":true,"href":"https:\/\/sylphagro.fr\/index.php\/wp-json\/wp\/v2\/users\/1"}],"replies":[{"embeddable":true,"href":"https:\/\/sylphagro.fr\/index.php\/wp-json\/wp\/v2\/comments?post=77"}],"version-history":[{"count":37,"href":"https:\/\/sylphagro.fr\/index.php\/wp-json\/wp\/v2\/pages\/77\/revisions"}],"predecessor-version":[{"id":729,"href":"https:\/\/sylphagro.fr\/index.php\/wp-json\/wp\/v2\/pages\/77\/revisions\/729"}],"wp:attachment":[{"href":"https:\/\/sylphagro.fr\/index.php\/wp-json\/wp\/v2\/media?parent=77"}],"curies":[{"name":"wp","href":"https:\/\/api.w.org\/{rel}","templated":true}]}}