{"id":133,"date":"2024-06-25T15:57:58","date_gmt":"2024-06-25T13:57:58","guid":{"rendered":"https:\/\/sylphagro.fr\/?page_id=133"},"modified":"2024-11-08T10:46:46","modified_gmt":"2024-11-08T09:46:46","slug":"entreprise","status":"publish","type":"page","link":"https:\/\/sylphagro.fr\/index.php\/entreprise\/","title":{"rendered":"Entreprise"},"content":{"rendered":"\n<p class=\"has-light-green-cyan-background-color has-background\">Apr\u00e8s 33 ans d&rsquo;exp\u00e9rience dans la recherche semenci\u00e8re, j&rsquo;ai cr\u00e9\u00e9 <strong>SYLPHAGRO <\/strong>en mars 2024.<br>Durant cette p\u00e9riode j&rsquo;ai acquis une connaissance approfondie de la <strong>s\u00e9lection <\/strong>et de l&rsquo;<strong>exp\u00e9rimentation<\/strong> des grandes cultures. J&rsquo;ai eu la chance de travailler avec des \u00e9quipes multiculturelles, au sein de grands groupes comme d&rsquo;entreprises de taille moyenne.<br><br>Je suis convaincu que les constants progr\u00e8s du <strong>ph\u00e9notypage <\/strong>vont r\u00e9volutionner la recherche agronomique. Parmi les nouveaux outils disponibles, les <strong>drones <\/strong>sont les solutions les plus polyvalentes pour le ph\u00e9notypage sur le terrain \u00e0 grande \u00e9chelle, pr\u00e9cis, hautement reproductible et abordable. La capture de donn\u00e9es par des capteurs dans le spectre visible et proche infrarouge ouvre aux \u00e9quipes de R&amp;D l&rsquo;acc\u00e8s \u00e0 de nouveaux caract\u00e8res.<br><br>Bas\u00e9 au nord de Toulouse, je vous propose des solutions de capture et d&rsquo;analyse d&rsquo;images adapt\u00e9es \u00e0 vos objectifs.<br><br><strong>Frantz BOUDET<\/strong><\/p>\n\n\n\n<p class=\"has-pale-cyan-blue-background-color has-background\"><strong>SYLPHAGRO S.A.S<\/strong><br>3C rue de l&rsquo;abattoir<br>31330 GRENADE<br>FRANCE<br><br>Mobile 06 64 78 60 09 &#8211; SIRET: 987 685 948 00018<br>T\u00e9l\u00e9-Pilote enregistr\u00e9 aupr\u00e8s de la DGAC &#8211; N\u00b0 d&rsquo;exploitant ED22434<\/p>\n\n\n\n<p><\/p>\n","protected":false},"excerpt":{"rendered":"<p>Apr\u00e8s 33 ans d&rsquo;exp\u00e9rience dans la recherche semenci\u00e8re, j&rsquo;ai cr\u00e9\u00e9 SYLPHAGRO en mars 2024.Durant cette p\u00e9riode j&rsquo;ai acquis une connaissance [&hellip;]<\/p>\n","protected":false},"author":1,"featured_media":0,"parent":0,"menu_order":0,"comment_status":"closed","ping_status":"closed","template":"","meta":{"_monsterinsights_skip_tracking":false,"_monsterinsights_sitenote_active":false,"_monsterinsights_sitenote_note":"","_monsterinsights_sitenote_category":0,"site-sidebar-layout":"default","site-content-layout":"","ast-site-content-layout":"default","site-content-style":"default","site-sidebar-style":"default","ast-global-header-display":"","ast-banner-title-visibility":"","ast-main-header-display":"","ast-hfb-above-header-display":"","ast-hfb-below-header-display":"","ast-hfb-mobile-header-display":"","site-post-title":"","ast-breadcrumbs-content":"","ast-featured-img":"","footer-sml-layout":"","ast-disable-related-posts":"","theme-transparent-header-meta":"","adv-header-id-meta":"","stick-header-meta":"","header-above-stick-meta":"","header-main-stick-meta":"","header-below-stick-meta":"","astra-migrate-meta-layouts":"default","ast-page-background-enabled":"default","ast-page-background-meta":{"desktop":{"background-color":"var(--ast-global-color-4)","background-image":"","background-repeat":"repeat","background-position":"center center","background-size":"auto","background-attachment":"scroll","background-type":"","background-media":"","overlay-type":"","overlay-color":"","overlay-opacity":"","overlay-gradient":""},"tablet":{"background-color":"","background-image":"","background-repeat":"repeat","background-position":"center center","background-size":"auto","background-attachment":"scroll","background-type":"","background-media":"","overlay-type":"","overlay-color":"","overlay-opacity":"","overlay-gradient":""},"mobile":{"background-color":"","background-image":"","background-repeat":"repeat","background-position":"center center","background-size":"auto","background-attachment":"scroll","background-type":"","background-media":"","overlay-type":"","overlay-color":"","overlay-opacity":"","overlay-gradient":""}},"ast-content-background-meta":{"desktop":{"background-color":"var(--ast-global-color-5)","background-image":"","background-repeat":"repeat","background-position":"center center","background-size":"auto","background-attachment":"scroll","background-type":"","background-media":"","overlay-type":"","overlay-color":"","overlay-opacity":"","overlay-gradient":""},"tablet":{"background-color":"var(--ast-global-color-5)","background-image":"","background-repeat":"repeat","background-position":"center center","background-size":"auto","background-attachment":"scroll","background-type":"","background-media":"","overlay-type":"","overlay-color":"","overlay-opacity":"","overlay-gradient":""},"mobile":{"background-color":"var(--ast-global-color-5)","background-image":"","background-repeat":"repeat","background-position":"center center","background-size":"auto","background-attachment":"scroll","background-type":"","background-media":"","overlay-type":"","overlay-color":"","overlay-opacity":"","overlay-gradient":""}},"footnotes":""},"class_list":["post-133","page","type-page","status-publish","hentry"],"_links":{"self":[{"href":"https:\/\/sylphagro.fr\/index.php\/wp-json\/wp\/v2\/pages\/133","targetHints":{"allow":["GET"]}}],"collection":[{"href":"https:\/\/sylphagro.fr\/index.php\/wp-json\/wp\/v2\/pages"}],"about":[{"href":"https:\/\/sylphagro.fr\/index.php\/wp-json\/wp\/v2\/types\/page"}],"author":[{"embeddable":true,"href":"https:\/\/sylphagro.fr\/index.php\/wp-json\/wp\/v2\/users\/1"}],"replies":[{"embeddable":true,"href":"https:\/\/sylphagro.fr\/index.php\/wp-json\/wp\/v2\/comments?post=133"}],"version-history":[{"count":12,"href":"https:\/\/sylphagro.fr\/index.php\/wp-json\/wp\/v2\/pages\/133\/revisions"}],"predecessor-version":[{"id":407,"href":"https:\/\/sylphagro.fr\/index.php\/wp-json\/wp\/v2\/pages\/133\/revisions\/407"}],"wp:attachment":[{"href":"https:\/\/sylphagro.fr\/index.php\/wp-json\/wp\/v2\/media?parent=133"}],"curies":[{"name":"wp","href":"https:\/\/api.w.org\/{rel}","templated":true}]}}